{"id":1110,"date":"2018-11-16T11:45:48","date_gmt":"2018-11-16T11:45:48","guid":{"rendered":"https:\/\/the7.io\/g-business\/?page_id=1110"},"modified":"2024-07-05T18:48:41","modified_gmt":"2024-07-05T18:48:41","slug":"company","status":"publish","type":"page","link":"https:\/\/www.innova-bizworks.com\/es\/company\/","title":{"rendered":"Empresa"},"content":{"rendered":"<section class=\"wpb-content-wrapper\"><div data-vc-full-width=\"true\" data-vc-full-width-init=\"false\" class=\"vc_row wpb_row vc_row-fluid gradient-container-1\"><div class=\"gradient-column-1 wpb_column vc_column_container vc_col-sm-12\"><div class=\"vc_column-inner\"><div class=\"wpb_wrapper\"><div class=\"vc_empty_space\"   style=\"height: 150px\"><span class=\"vc_empty_space_inner\"><\/span><\/div>\n\t<div class=\"wpb_text_column wpb_content_element\" >\n\t\t<div class=\"wpb_wrapper\">\n\t\t\t<h3 style=\"text-align: center;\"><span style=\"color: #ffffff;\">COMPA\u00d1\u00cdA<\/span><\/h3>\n\n\t\t<\/div>\n\t<\/div>\n<div class=\"vc_empty_space\"   style=\"height: 16px\"><span class=\"vc_empty_space_inner\"><\/span><\/div>\n\t<div class=\"wpb_text_column wpb_content_element\" >\n\t\t<div class=\"wpb_wrapper\">\n\t\t\t<h2 style=\"text-align: center;\"><span style=\"color: #ffffff;\">Gestionar una empresa es complejo. Nuestro foco es simplificar tu negocio para que puedas tomar decisiones inteligentes y r\u00e1pidas.<\/span><\/h2>\n\n\t\t<\/div>\n\t<\/div>\n<div class=\"vc_empty_space\"   style=\"height: 16px\"><span class=\"vc_empty_space_inner\"><\/span><\/div>\n\t<div class=\"wpb_text_column wpb_content_element\" >\n\t\t<div class=\"wpb_wrapper\">\n\t\t\t<p style=\"text-align: center;\"><span style=\"color: #ffffff;\">Nuestro objetivo es habilitar a miles de peque\u00f1as y medianas empresas independientes con tecnolog\u00eda de punta para ayudarlas a crecer tomando decisiones inteligentes y r\u00e1pidas.<\/span><\/p>\n\n\t\t<\/div>\n\t<\/div>\n<div class=\"vc_empty_space\"   style=\"height: 16px\"><span class=\"vc_empty_space_inner\"><\/span><\/div><div class=\"vc_empty_space\"   style=\"height: 150px\"><span class=\"vc_empty_space_inner\"><\/span><\/div><\/div><\/div><\/div><\/div><div class=\"vc_row-full-width vc_clearfix\"><\/div><!-- Row Backgrounds --><div class=\"upb_bg_img\" data-ultimate-bg=\"url(https:\/\/www.innova-bizworks.com\/wp-content\/uploads\/sites\/6\/2023\/03\/Team_hero.webp)\" data-image-id=\"id^2307|url^https:\/\/www.innova-biz.com\/wp-content\/uploads\/sites\/6\/2023\/03\/Team_hero.webp|caption^null|alt^null|title^Team_hero|description^null\" data-ultimate-bg-style=\"vcpb-vz-jquery\" data-bg-img-repeat=\"repeat\" data-bg-img-size=\"cover\" data-bg-img-position=\"\" data-parallx_sense=\"30\" data-bg-override=\"0\" data-bg_img_attach=\"scroll\" data-upb-overlay-color=\"rgba(0,0,0,0.3)\" data-upb-bg-animation=\"\" data-fadeout=\"\" data-bg-animation=\"left-animation\" data-bg-animation-type=\"h\" data-animation-repeat=\"repeat\" data-fadeout-percentage=\"30\" data-parallax-content=\"\" data-parallax-content-sense=\"30\" data-row-effect-mobile-disable=\"true\" data-img-parallax-mobile-disable=\"false\" data-rtl=\"false\"  data-custom-vc-row=\"\"  data-vc=\"7.0\"  data-is_old_vc=\"\"  data-theme-support=\"\"   data-overlay=\"true\" data-overlay-color=\"rgba(0,0,0,0.3)\" data-overlay-pattern=\"\" data-overlay-pattern-opacity=\"0.8\" data-overlay-pattern-size=\"\" data-overlay-pattern-attachment=\"scroll\"    ><\/div><div data-vc-full-width=\"true\" data-vc-full-width-init=\"false\" class=\"vc_row wpb_row vc_row-fluid gradient-container-2 vc_custom_1679840828080 vc_row-o-content-middle vc_row-flex\"><div class=\"gradient-column-2 wpb_column vc_column_container vc_col-sm-6\"><div class=\"vc_column-inner\"><div class=\"wpb_wrapper\">\n\t<div  class=\"wpb_single_image wpb_content_element vc_align_center  wpb_animate_when_almost_visible wpb_fadeInUp fadeInUp\">\n\t\t\n\t\t<figure class=\"wpb_wrapper vc_figure\">\n\t\t\t<div class=\"vc_single_image-wrapper   vc_box_border_grey\"><img loading=\"lazy\" decoding=\"async\" width=\"1200\" height=\"1212\" src=\"https:\/\/i0.wp.com\/www.innova-bizworks.com\/wp-content\/uploads\/sites\/6\/2024\/07\/company_hero.webp?resize=1200%2C1212&#038;ssl=1\" class=\"vc_single_image-img attachment-full\" alt=\"\" title=\"h\u00e9roe_empresa\" srcset=\"https:\/\/i0.wp.com\/www.innova-bizworks.com\/wp-content\/uploads\/sites\/6\/2024\/07\/company_hero.webp?w=1788&amp;ssl=1 1788w, https:\/\/i0.wp.com\/www.innova-bizworks.com\/wp-content\/uploads\/sites\/6\/2024\/07\/company_hero.webp?resize=297%2C300&amp;ssl=1 297w, https:\/\/i0.wp.com\/www.innova-bizworks.com\/wp-content\/uploads\/sites\/6\/2024\/07\/company_hero.webp?resize=1014%2C1024&amp;ssl=1 1014w, https:\/\/i0.wp.com\/www.innova-bizworks.com\/wp-content\/uploads\/sites\/6\/2024\/07\/company_hero.webp?resize=768%2C776&amp;ssl=1 768w, https:\/\/i0.wp.com\/www.innova-bizworks.com\/wp-content\/uploads\/sites\/6\/2024\/07\/company_hero.webp?resize=1521%2C1536&amp;ssl=1 1521w, https:\/\/i0.wp.com\/www.innova-bizworks.com\/wp-content\/uploads\/sites\/6\/2024\/07\/company_hero.webp?resize=12%2C12&amp;ssl=1 12w\" sizes=\"(max-width: 1200px) 100vw, 1200px\"  data-dt-location=\"https:\/\/www.innova-bizworks.com\/es\/loan-processing-home\/company_hero\/\" data-recalc-dims=\"1\" \/><\/div>\n\t\t<\/figure>\n\t<\/div>\n<div class=\"vc_empty_space\"   style=\"height: 16px\"><span class=\"vc_empty_space_inner\"><\/span><\/div><\/div><\/div><\/div><div class=\"gradient-column-3 wpb_column vc_column_container vc_col-sm-6\"><div class=\"vc_column-inner\"><div class=\"wpb_wrapper\">\n\t<div class=\"wpb_text_column wpb_content_element\" >\n\t\t<div class=\"wpb_wrapper\">\n\t\t\t<h3 style=\"text-align: center;\"><span style=\"color: #ec6d20;\">MISI\u00d3N Y VALORES<\/span><\/h3>\n\n\t\t<\/div>\n\t<\/div>\n<div class=\"vc_empty_space\"   style=\"height: 16px\"><span class=\"vc_empty_space_inner\"><\/span><\/div>\n\t<div class=\"wpb_text_column wpb_content_element\" >\n\t\t<div class=\"wpb_wrapper\">\n\t\t\t<h2 style=\"text-align: center;\">Democratizar las soluciones de software para que las peque\u00f1as y medianas empresas generen un crecimiento rentable<\/h2>\n\n\t\t<\/div>\n\t<\/div>\n<div class=\"vc_empty_space\"   style=\"height: 16px\"><span class=\"vc_empty_space_inner\"><\/span><\/div>\n\t<div class=\"wpb_text_column wpb_content_element\" >\n\t\t<div class=\"wpb_wrapper\">\n\t\t\t<p style=\"text-align: center;\">Nuestros valores gu\u00edan la forma en que tratamos a las personas con las que interactuamos. Siempre nos esforzamos por vivirlos todos los d\u00edas en cada interacci\u00f3n con nuestros clientes, colaboradores y otros.<\/p>\n\n\t\t<\/div>\n\t<\/div>\n<div class=\"vc_empty_space\"   style=\"height: 16px\"><span class=\"vc_empty_space_inner\"><\/span><\/div><div id=\"ult-carousel-2927700376a075e3980ca5\" class=\"ult-carousel-wrapper   ult_horizontal\" data-gutter=\"50\" data-rtl=\"false\" ><div class=\"ult-carousel-18339945956a075e3980c7f\" ><div class=\"ult-item-wrap\" data-animation=\"animated no-animation\">\n\t<div class=\"wpb_text_column wpb_content_element\" >\n\t\t<div class=\"wpb_wrapper\">\n\t\t\t<h2 style=\"text-align: center;\"><span style=\"color: #ec6d20;\">Empat\u00eda<\/span><\/h2>\n<p style=\"text-align: center;\">Nuestra empresa existe por y para las personas, ya sean nuestros socios, clientes o colaboradores, por eso los tratamos con consideraci\u00f3n y respeto, tratando siempre de entender su perspectiva.<\/p>\n\n\t\t<\/div>\n\t<\/div>\n<\/div><div class=\"ult-item-wrap\" data-animation=\"animated no-animation\">\n\t<div class=\"wpb_text_column wpb_content_element\" >\n\t\t<div class=\"wpb_wrapper\">\n\t\t\t<h2 style=\"text-align: center;\"><span style=\"color: #59a85e;\"><span style=\"color: #ec6d20;\"> Accesibilidad<\/span><\/span><\/h2>\n<p style=\"text-align: center;\">Estamos aqu\u00ed para apoyarte; Siempre que nos necesite, estaremos all\u00ed junto a usted para resolverlo.<\/p>\n\n\t\t<\/div>\n\t<\/div>\n<\/div><div class=\"ult-item-wrap\" data-animation=\"animated no-animation\">\n\t<div class=\"wpb_text_column wpb_content_element\" >\n\t\t<div class=\"wpb_wrapper\">\n\t\t\t<h2 style=\"text-align: center;\"><span style=\"color: #ec6d20;\">Compromiso<\/span><\/h2>\n<p style=\"text-align: center;\">Creemos firmemente en nuestra misi\u00f3n. La tecnolog\u00eda abre un mundo de posibilidades y conocemos perfectamente nuestro papel para facilitarle el camino.<\/p>\n\n\t\t<\/div>\n\t<\/div>\n<\/div><div class=\"ult-item-wrap\" data-animation=\"animated no-animation\">\n\t<div class=\"wpb_text_column wpb_content_element\" >\n\t\t<div class=\"wpb_wrapper\">\n\t\t\t<h2 style=\"text-align: center;\"><span style=\"color: #ec6d20;\">Transparencia y Autenticidad<\/span><\/h2>\n<p style=\"text-align: center;\">Comun\u00edquese con frecuencia y sea siempre directo.<\/p>\n\n\t\t<\/div>\n\t<\/div>\n<\/div><\/div><\/div>\t\t\t<script type=\"text\/javascript\">\n\t\t\t\tjQuery(document).ready(function ($) {\n\t\t\t\t\tif( typeof jQuery('.ult-carousel-18339945956a075e3980c7f').slick == \"function\"){\n\t\t\t\t\t\t$('.ult-carousel-18339945956a075e3980c7f').slick({dots: true,autoplay: true,autoplaySpeed: 5000,speed: 300,infinite: true,arrows: false,slidesToScroll:1,slidesToShow:1,swipe: true,draggable: true,touchMove: true,pauseOnHover: true,pauseOnFocus: false,responsive: [\n\t\t\t\t\t\t\t{\n\t\t\t\t\t\t\t  breakpoint: 1026,\n\t\t\t\t\t\t\t  settings: {\n\t\t\t\t\t\t\t\tslidesToShow: 1,\n\t\t\t\t\t\t\t\tslidesToScroll: 1,  \n\t\t\t\t\t\t\t  }\n\t\t\t\t\t\t\t},\n\t\t\t\t\t\t\t{\n\t\t\t\t\t\t\t  breakpoint: 1025,\n\t\t\t\t\t\t\t  settings: {\n\t\t\t\t\t\t\t\tslidesToShow: 1,\n\t\t\t\t\t\t\t\tslidesToScroll: 1\n\t\t\t\t\t\t\t  }\n\t\t\t\t\t\t\t},\n\t\t\t\t\t\t\t{\n\t\t\t\t\t\t\t  breakpoint: 760,\n\t\t\t\t\t\t\t  settings: {\n\t\t\t\t\t\t\t\tslidesToShow: 1,\n\t\t\t\t\t\t\t\tslidesToScroll: 1\n\t\t\t\t\t\t\t  }\n\t\t\t\t\t\t\t}\n\t\t\t\t\t\t],pauseOnDotsHover: true,customPaging: function(slider, i) {\n                   return '<i type=\"button\" style= \"color:#ec6d20;\" class=\"ultsl-record\" data-role=\"none\"><\/i>';\n                },});\n\t\t\t\t\t}\n\t\t\t\t});\n\t\t\t<\/script>\n\t\t\t<\/div><\/div><\/div><\/div><div class=\"vc_row-full-width vc_clearfix\"><\/div><div class=\"vc_row wpb_row vc_row-fluid gradient-container-3\"><div class=\"gradient-column-4 wpb_column vc_column_container vc_col-sm-12\"><div class=\"vc_column-inner\"><div class=\"wpb_wrapper\"><\/div><\/div><\/div><\/div>\n<\/section>","protected":false},"excerpt":{"rendered":"<p>EMPRESA Gestionar un negocio es complejo. Nuestro enfoque es simplificar su negocio para tomar decisiones m\u00e1s inteligentes y r\u00e1pidas Nuestro objetivo es brindar tecnolog\u00eda de vanguardia a miles de peque\u00f1as y medianas empresas independientes para ayudarlas a crecer tomando decisiones m\u00e1s inteligentes y r\u00e1pidas MISI\u00d3N Y VALORES Democratizar las soluciones de software para peque\u00f1as y medianas empresas\u2026<\/p>","protected":false},"author":174,"featured_media":0,"parent":0,"menu_order":10,"comment_status":"closed","ping_status":"closed","template":"","meta":{"_seopress_robots_primary_cat":"","_seopress_titles_title":"Company | Innova Biz","_seopress_titles_desc":"Passion for empowering business owners with business software to take smarter decisions, faster to fuel growth and scale their operations.","_seopress_robots_index":"","inline_featured_image":false,"footnotes":""},"_links":{"self":[{"href":"https:\/\/www.innova-bizworks.com\/es\/wp-json\/wp\/v2\/pages\/1110"}],"collection":[{"href":"https:\/\/www.innova-bizworks.com\/es\/wp-json\/wp\/v2\/pages"}],"about":[{"href":"https:\/\/www.innova-bizworks.com\/es\/wp-json\/wp\/v2\/types\/page"}],"author":[{"embeddable":true,"href":"https:\/\/www.innova-bizworks.com\/es\/wp-json\/wp\/v2\/users\/174"}],"replies":[{"embeddable":true,"href":"https:\/\/www.innova-bizworks.com\/es\/wp-json\/wp\/v2\/comments?post=1110"}],"version-history":[{"count":132,"href":"https:\/\/www.innova-bizworks.com\/es\/wp-json\/wp\/v2\/pages\/1110\/revisions"}],"predecessor-version":[{"id":4033,"href":"https:\/\/www.innova-bizworks.com\/es\/wp-json\/wp\/v2\/pages\/1110\/revisions\/4033"}],"wp:attachment":[{"href":"https:\/\/www.innova-bizworks.com\/es\/wp-json\/wp\/v2\/media?parent=1110"}],"curies":[{"name":"wp","href":"https:\/\/api.w.org\/{rel}","templated":true}]}}