{"id":2448,"date":"2023-03-27T15:26:16","date_gmt":"2023-03-27T15:26:16","guid":{"rendered":"https:\/\/newdev.triplecdev.site\/?page_id=2448"},"modified":"2024-08-21T02:16:00","modified_gmt":"2024-08-21T02:16:00","slug":"privacy-policy","status":"publish","type":"page","link":"https:\/\/www.innova-bizworks.com\/es\/privacy-policy\/","title":{"rendered":"Pol\u00edtica de Privacidad"},"content":{"rendered":"<section class=\"wpb-content-wrapper\"><div class=\"vc_row wpb_row vc_row-fluid gradient-container-1 vc_custom_1680076921592\"><div class=\"gradient-column-1 wpb_column vc_column_container vc_col-sm-12\"><div class=\"vc_column-inner\"><div class=\"wpb_wrapper\">\n\t<div class=\"wpb_text_column wpb_content_element\" >\n\t\t<div class=\"wpb_wrapper\">\n\t\t\t<h2>Pol\u00edtica de Privacidad<\/h2>\n<p>Fecha de vigencia: 24 de julio de 2019<\/p>\n<p>Innova IT Group LLC (\u201cnosotros\u201d, \u201cnos\u201d o \u201cnuestro\u201d) opera el sitio web https:\/\/www.innova-bizworks.com (en adelante denominado el \u201cServicio\u201d).<\/p>\n<p>Esta p\u00e1gina le informa sobre nuestras pol\u00edticas con respecto a la recopilaci\u00f3n, uso y divulgaci\u00f3n de datos personales cuando utiliza nuestro Servicio y las opciones que tiene asociadas con esos datos.<\/p>\n<p>Utilizamos sus datos para proporcionar y mejorar el Servicio. Al utilizar el Servicio, usted acepta la recopilaci\u00f3n y el uso de informaci\u00f3n de acuerdo con esta pol\u00edtica. A menos que se defina lo contrario en esta Pol\u00edtica de privacidad, los t\u00e9rminos utilizados en esta Pol\u00edtica de privacidad tienen el mismo significado que en nuestros T\u00e9rminos y condiciones, a los que se puede acceder desde https:\/\/www.innova-bizworks.com<\/p>\n<h3><\/h3>\n<h2>Definiciones<\/h2>\n<p><strong>Servicio<\/strong><\/p>\n<p>El servicio es el sitio web https:\/\/www.innova-bizworks.com y sus sitios relacionados bajo el dominio innotech-xsp.net operado por Innova IT Group LLC<\/p>\n<p><strong>Informaci\u00f3n personal<\/strong><\/p>\n<p>Datos personales significa datos sobre una persona viva que puede identificarse a partir de esos datos (o de esa y otra informaci\u00f3n que est\u00e9 en nuestro poder o que probablemente llegue a estar en nuestro poder).<\/p>\n<p><strong>Datos de uso<\/strong><\/p>\n<p>Los Datos de uso son datos recopilados autom\u00e1ticamente, ya sea generados por el uso del Servicio o por la propia infraestructura del Servicio (por ejemplo, la duraci\u00f3n de una visita a una p\u00e1gina).<\/p>\n<p><strong>Galletas<\/strong><\/p>\n<p>Las cookies son peque\u00f1os archivos almacenados en su dispositivo (ordenador o dispositivo m\u00f3vil).<\/p>\n<p><strong>Recopilaci\u00f3n y uso de informaci\u00f3n<\/strong><br \/>\nRecopilamos varios tipos diferentes de informaci\u00f3n para diversos fines para brindarle y mejorar nuestro Servicio.<\/p>\n<p>&nbsp;<\/p>\n<h2><strong>Tipos de datos recopilados<\/strong><\/h2>\n<p><strong>Informaci\u00f3n personal<\/strong><br \/>\nMientras utiliza nuestro Servicio, es posible que le solicitemos que nos proporcione cierta informaci\u00f3n de identificaci\u00f3n personal que pueda usarse para contactarlo o identificarlo (\u201cDatos personales\u201d). La informaci\u00f3n de identificaci\u00f3n personal puede incluir, entre otras:<\/p>\n<p>Direcci\u00f3n de correo electr\u00f3nico<br \/>\nNombre y apellido<br \/>\nN\u00famero de tel\u00e9fono<br \/>\nDirecci\u00f3n, Estado, Provincia, C\u00f3digo Postal, Ciudad<br \/>\nCookies y datos de uso<br \/>\nPodemos utilizar sus Datos personales para comunicarnos con usted con boletines informativos, materiales promocionales o de marketing y otra informaci\u00f3n que pueda ser de su inter\u00e9s. Puede optar por no recibir alguna o todas estas comunicaciones nuestras siguiendo el enlace para cancelar la suscripci\u00f3n o las instrucciones proporcionadas en cualquier correo electr\u00f3nico que le enviemos.<\/p>\n<p><strong>Datos de uso<\/strong><br \/>\nTambi\u00e9n podemos recopilar informaci\u00f3n sobre c\u00f3mo se accede y utiliza el Servicio (&quot;Datos de uso&quot;). Estos Datos de uso pueden incluir informaci\u00f3n como la direcci\u00f3n de Protocolo de Internet de su computadora (por ejemplo, direcci\u00f3n IP), tipo de navegador, versi\u00f3n del navegador, las p\u00e1ginas de nuestro Servicio que visita, la hora y fecha de su visita, el tiempo dedicado a esas p\u00e1ginas, informaci\u00f3n \u00fanica identificadores de dispositivos y otros datos de diagn\u00f3stico.<\/p>\n<p><strong>Datos de seguimiento y cookies<\/strong><br \/>\nUtilizamos cookies y tecnolog\u00edas de seguimiento similares para rastrear la actividad en nuestro Servicio y conservamos cierta informaci\u00f3n.<\/p>\n<p>Las cookies son ficheros con una peque\u00f1a cantidad de datos que pueden incluir un identificador \u00fanico an\u00f3nimo. Las cookies se env\u00edan a su navegador desde un sitio web y se almacenan en su dispositivo. Tambi\u00e9n se utilizan otras tecnolog\u00edas de seguimiento, como balizas, etiquetas y scripts, para recopilar y rastrear informaci\u00f3n y mejorar y analizar nuestro Servicio.<\/p>\n<p>Puede indicarle a su navegador que rechace todas las cookies o que indique cu\u00e1ndo se env\u00eda una cookie. Sin embargo, si no acepta las cookies, es posible que no pueda utilizar algunas partes de nuestro Servicio.<\/p>\n<p><strong>Ejemplos de cookies que utilizamos:<\/strong><\/p>\n<p>Cookies de sesi\u00f3n. Utilizamos cookies de sesi\u00f3n para operar nuestro Servicio.<br \/>\nCookies de preferencia. Utilizamos cookies de preferencias para recordar sus preferencias y diversas configuraciones.<br \/>\nCookies de seguridad. Utilizamos cookies de seguridad por motivos de seguridad.<br \/>\nUso de datos<br \/>\nInnova IT Group LLC utiliza los datos recopilados para diversos fines:<\/p>\n<p>Para proporcionar y mantener nuestro Servicio<br \/>\nPara notificarle sobre cambios en nuestro Servicio<br \/>\nPara permitirle participar en funciones interactivas de nuestro Servicio cuando usted elija hacerlo<br \/>\nPara brindar atenci\u00f3n al cliente<br \/>\nPara recopilar an\u00e1lisis o informaci\u00f3n valiosa para que podamos mejorar nuestro Servicio.<br \/>\nPara monitorear el uso de nuestro Servicio<br \/>\nDetectar, prevenir y abordar problemas t\u00e9cnicos.<br \/>\nPara brindarle noticias, ofertas especiales e informaci\u00f3n general sobre otros bienes, servicios y eventos que ofrecemos que son similares a los que ya compr\u00f3 o sobre los que ya realiz\u00f3 consultas, a menos que haya optado por no recibir dicha informaci\u00f3n.<\/p>\n<p><strong>Transferencia de datos<\/strong><br \/>\nSu informaci\u00f3n, incluidos los Datos personales, puede transferirse y mantenerse en computadoras ubicadas fuera de su estado, provincia, pa\u00eds u otra jurisdicci\u00f3n gubernamental donde las leyes de protecci\u00f3n de datos pueden diferir de las de su jurisdicci\u00f3n.<\/p>\n<p>Si se encuentra fuera de Estados Unidos y decide proporcionarnos informaci\u00f3n, tenga en cuenta que transferimos los datos, incluidos los datos personales, a Estados Unidos y los procesamos all\u00ed.<\/p>\n<p>Su consentimiento a esta Pol\u00edtica de Privacidad seguido del env\u00edo de dicha informaci\u00f3n representa su aceptaci\u00f3n de esa transferencia.<\/p>\n<p>Innova IT Group LLC tomar\u00e1 todas las medidas razonablemente necesarias para garantizar que sus datos sean tratados de forma segura y de acuerdo con esta Pol\u00edtica de Privacidad y no se realizar\u00e1 ninguna transferencia de sus Datos Personales a una organizaci\u00f3n o pa\u00eds a menos que existan controles adecuados establecidos, incluidos la seguridad de sus datos y otra informaci\u00f3n personal.<\/p>\n<p><strong>Divulgaci\u00f3n de datos<\/strong><br \/>\nTransacci\u00f3n de negocios<br \/>\nSi Innova IT Group LLC est\u00e1 involucrado en una fusi\u00f3n, adquisici\u00f3n o venta de activos, sus datos personales pueden ser transferidos. Le avisaremos antes de que sus Datos personales se transfieran y queden sujetos a una Pol\u00edtica de privacidad diferente.<\/p>\n<p><strong>Divulgaci\u00f3n para el cumplimiento de la ley<\/strong><br \/>\nEn determinadas circunstancias, es posible que se solicite a Innova IT Group LLC que divulgue sus datos personales si as\u00ed lo exige la ley o en respuesta a solicitudes v\u00e1lidas de autoridades p\u00fablicas (por ejemplo, un tribunal o una agencia gubernamental).<\/p>\n<p><strong>Requerimientos legales<\/strong><br \/>\nInnova IT Group LLC puede divulgar sus datos personales de buena fe cuando considere que dicha acci\u00f3n es necesaria para lo siguiente:<\/p>\n<p>Para cumplir con una obligaci\u00f3n legal<br \/>\nPara proteger y defender los derechos o propiedad de Innova IT Group LLC<br \/>\nPara prevenir o investigar posibles irregularidades en relaci\u00f3n con el Servicio<br \/>\nPara proteger la seguridad personal de los usuarios del Servicio o del p\u00fablico.<br \/>\nPara protegerse contra la responsabilidad legal<br \/>\nSeguridad de los datos<br \/>\nLa seguridad de sus datos es importante para nosotros, pero recuerde que ning\u00fan m\u00e9todo de transmisi\u00f3n a trav\u00e9s de Internet o m\u00e9todo de almacenamiento electr\u00f3nico es 100% seguro. Si bien nos esforzamos por utilizar medios comercialmente aceptables para proteger sus Datos personales, no podemos garantizar su seguridad absoluta.<\/p>\n<p>Nuestra pol\u00edtica sobre se\u00f1ales de \u201cno rastrear\u201d seg\u00fan la Ley de protecci\u00f3n en l\u00ednea de California (CalOPPA)<br \/>\nNo admitimos No realizar seguimiento (\u201cDNT\u201d). No rastrear es una preferencia que puede configurar en su navegador web para informar a los sitios web que no desea que lo rastreen.<\/p>\n<p>Puede habilitar o deshabilitar No rastrear visitando la p\u00e1gina Preferencias o Configuraci\u00f3n de su navegador web.<\/p>\n<p><strong>Proveedores de servicio<\/strong><br \/>\nPodemos emplear empresas e individuos de terceros para facilitar nuestro Servicio (\u201cProveedores de servicios\u201d), proporcionar el Servicio en nuestro nombre, realizar servicios relacionados con el Servicio o ayudarnos a analizar c\u00f3mo se utiliza nuestro Servicio.<\/p>\n<p>Estos terceros tienen acceso a sus Datos personales solo para realizar estas tareas en nuestro nombre y est\u00e1n obligados a no divulgarlos ni utilizarlos para ning\u00fan otro prop\u00f3sito.<\/p>\n<p><strong>Anal\u00edtica<\/strong><br \/>\nPodemos utilizar proveedores de servicios externos para monitorear y analizar el uso de nuestro Servicio.<\/p>\n<p><strong>Google analitico<\/strong><\/p>\n<p>Google Analytics es un servicio de an\u00e1lisis web ofrecido por Google que rastrea e informa el tr\u00e1fico del sitio web. Google utiliza los datos recopilados para rastrear y monitorear el uso de nuestro Servicio. Estos datos se comparten con otros servicios de Google. Google puede utilizar los datos recopilados para contextualizar y personalizar los anuncios de su propia red publicitaria.<\/p>\n<p>Puede optar por no poner su actividad en el Servicio a disposici\u00f3n de Google Analytics instalando el complemento de exclusi\u00f3n voluntaria del navegador de Google Analytics. El complemento evita que el JavaScript de Google Analytics (ga.js, Analytics.js y dc.js) comparta informaci\u00f3n con Google Analytics sobre la actividad de las visitas.<\/p>\n<p>Para obtener m\u00e1s informaci\u00f3n sobre las pr\u00e1cticas de privacidad de Google, visite la p\u00e1gina web de Privacidad y T\u00e9rminos de Google: https:\/\/policies.google.com\/privacy?hl=en<\/p>\n<p>Remarketing conductual<br \/>\nInnova IT Group LLC utiliza servicios de remarketing para anunciarle en sitios web de terceros despu\u00e9s de que haya visitado nuestro Servicio. Nosotros y nuestros proveedores externos utilizamos cookies para informar, optimizar y publicar anuncios basados en sus visitas anteriores a nuestro Servicio.<\/p>\n<p>Anuncios de Google (AdWords)<\/p>\n<p>El servicio de remarketing de Google Ads (AdWords) es proporcionado por Google Inc.<\/p>\n<p>Puede optar por no participar en Google Analytics para publicidad gr\u00e1fica y personalizar los anuncios de la Red de Display de Google visitando la p\u00e1gina de configuraci\u00f3n de anuncios de Google: http:\/\/www.google.com\/settings\/ads<\/p>\n<p>Google tambi\u00e9n recomienda instalar el complemento de inhabilitaci\u00f3n del navegador de Google Analytics (https:\/\/tools.google.com\/dlpage\/gaoptout) para su navegador web. El complemento de inhabilitaci\u00f3n para navegadores de Google Analytics ofrece a los visitantes la posibilidad de evitar que Google Analytics recopile y utilice sus datos.<\/p>\n<p>Para obtener m\u00e1s informaci\u00f3n sobre las pr\u00e1cticas de privacidad de Google, visite la p\u00e1gina web de Privacidad y T\u00e9rminos de Google: https:\/\/policies.google.com\/privacy?hl=en<\/p>\n<p><strong>Facebook<\/strong><\/p>\n<p>El servicio de remarketing de Facebook es proporcionado por Facebook Inc.<\/p>\n<p>Puede obtener m\u00e1s informaci\u00f3n sobre la publicidad basada en intereses de Facebook visitando esta p\u00e1gina: https:\/\/www.facebook.com\/help\/164968693837950<\/p>\n<p>Para excluirse de los anuncios basados en intereses de Facebook, siga estas instrucciones de Facebook: https:\/\/www.facebook.com\/help\/568137493302217<\/p>\n<p>Facebook se adhiere a los Principios de autorregulaci\u00f3n para la publicidad conductual en l\u00ednea establecidos por Digital Advertising Alliance. Tambi\u00e9n puede darse de baja de Facebook y otras empresas participantes a trav\u00e9s de Digital Advertising Alliance en EE. UU. http:\/\/www.aboutads.info\/choices\/, Digital Advertising Alliance of Canada en Canad\u00e1 http:\/\/youradchoices.ca\/ o la Alianza Europea de Publicidad Digital Interactiva en Europa http:\/\/www.youronlinechoices.eu\/, o darse de baja mediante la configuraci\u00f3n de su dispositivo m\u00f3vil.<\/p>\n<p>Para obtener m\u00e1s informaci\u00f3n sobre las pr\u00e1cticas de privacidad de Facebook, visite la Pol\u00edtica de datos de Facebook: https:\/\/www.facebook.com\/privacy\/explanation<\/p>\n<p><strong>Pagos<\/strong><br \/>\nPodemos proporcionar productos y\/o servicios pagos dentro del Servicio. En ese caso, utilizamos servicios de terceros para el procesamiento de pagos (por ejemplo, procesadores de pagos).<\/p>\n<p>No almacenaremos ni recogeremos los datos de su tarjeta de pago. Esa informaci\u00f3n se proporciona directamente a nuestros procesadores de pagos externos cuyo uso de su informaci\u00f3n personal se rige por su Pol\u00edtica de Privacidad. Estos procesadores de pagos cumplen con los est\u00e1ndares establecidos por PCI-DSS administrados por el PCI Security Standards Council, que es un esfuerzo conjunto de marcas como Visa, MasterCard, American Express y Discover. Los requisitos de PCI-DSS ayudan a garantizar el manejo seguro de la informaci\u00f3n de pago.<\/p>\n<p>Los procesadores de pagos con los que trabajamos son:<\/p>\n<p>PayPal\/Braintree<\/p>\n<p>Su Pol\u00edtica de Privacidad se puede ver en https:\/\/www.paypal.com\/webapps\/mpp\/ua\/privacy-full<\/p>\n<p>Enlaces a otros sitios<br \/>\nNuestro Servicio puede contener enlaces a otros sitios que no son operados por nosotros. Si hace clic en un enlace de un tercero, ser\u00e1 dirigido al sitio de ese tercero. Le recomendamos encarecidamente que revise la Pol\u00edtica de privacidad de cada sitio que visite.<\/p>\n<p>No tenemos control ni asumimos ninguna responsabilidad por el contenido, las pol\u00edticas de privacidad o las pr\u00e1cticas de sitios o servicios de terceros.<\/p>\n<p>Privacidad de los ni\u00f1os<br \/>\nNuestro Servicio no est\u00e1 dirigido a personas menores de 18 a\u00f1os (&quot;Ni\u00f1os&quot;).<\/p>\n<p>No recopilamos intencionalmente informaci\u00f3n de identificaci\u00f3n personal de ninguna persona menor de 18 a\u00f1os. Si usted es padre o tutor y sabe que su hijo nos ha proporcionado datos personales, comun\u00edquese con nosotros. Si nos damos cuenta de que hemos recopilado datos personales de ni\u00f1os sin verificaci\u00f3n del consentimiento de los padres, tomamos medidas para eliminar esa informaci\u00f3n de nuestros servidores.<\/p>\n<p>Cambios a esta pol\u00edtica de privacidad<br \/>\nPodemos actualizar nuestra Pol\u00edtica de Privacidad de vez en cuando. Le notificaremos cualquier cambio publicando la nueva Pol\u00edtica de Privacidad en esta p\u00e1gina.<\/p>\n<p>Le informaremos por correo electr\u00f3nico y\/o un aviso destacado en nuestro Servicio, antes de que el cambio entre en vigor y actualizaremos la &quot;fecha de entrada en vigor&quot; en la parte superior de esta Pol\u00edtica de Privacidad.<\/p>\n<p>Se le recomienda revisar esta Pol\u00edtica de Privacidad peri\u00f3dicamente para detectar cualquier cambio. Los cambios a esta Pol\u00edtica de Privacidad entran en vigencia cuando se publican en esta p\u00e1gina.<\/p>\n<h2><\/h2>\n<h2>Cont\u00e1ctenos<\/h2>\n<p><strong>Si tiene alguna pregunta sobre esta Pol\u00edtica de Privacidad, por favor cont\u00e1ctenos:<\/strong><\/p>\n<p>Por correo electr\u00f3nico: info@innova-bizworks.com<br \/>\nVisitando esta p\u00e1gina en nuestro sitio web: https:\/\/www.innova-bizworks.com\/contact<\/p>\n\n\t\t<\/div>\n\t<\/div>\n<\/div><\/div><\/div><\/div>\n<\/section>","protected":false},"excerpt":{"rendered":"<p>Privacy Policy Effective date: July 24, 2019 Innova IT Group LLC (&#8220;us&#8221;, &#8220;we&#8221;, or &#8220;our&#8221;) operates the https:\/\/www.innova-bizworks.com website (hereinafter referred to as the &#8220;Service&#8221;). This page informs you of our policies regarding the collection, use and disclosure of personal data when you use our Service and the choices you have associated with that data.&hellip;<\/p>","protected":false},"author":174,"featured_media":0,"parent":0,"menu_order":0,"comment_status":"closed","ping_status":"closed","template":"","meta":{"_seopress_robots_primary_cat":"","_seopress_titles_title":"Privacy Policy | Innova Biz","_seopress_titles_desc":"Privacy Policy for our Business Operations Software: BizWorks","_seopress_robots_index":"","inline_featured_image":false,"footnotes":""},"_links":{"self":[{"href":"https:\/\/www.innova-bizworks.com\/es\/wp-json\/wp\/v2\/pages\/2448"}],"collection":[{"href":"https:\/\/www.innova-bizworks.com\/es\/wp-json\/wp\/v2\/pages"}],"about":[{"href":"https:\/\/www.innova-bizworks.com\/es\/wp-json\/wp\/v2\/types\/page"}],"author":[{"embeddable":true,"href":"https:\/\/www.innova-bizworks.com\/es\/wp-json\/wp\/v2\/users\/174"}],"replies":[{"embeddable":true,"href":"https:\/\/www.innova-bizworks.com\/es\/wp-json\/wp\/v2\/comments?post=2448"}],"version-history":[{"count":14,"href":"https:\/\/www.innova-bizworks.com\/es\/wp-json\/wp\/v2\/pages\/2448\/revisions"}],"predecessor-version":[{"id":4055,"href":"https:\/\/www.innova-bizworks.com\/es\/wp-json\/wp\/v2\/pages\/2448\/revisions\/4055"}],"wp:attachment":[{"href":"https:\/\/www.innova-bizworks.com\/es\/wp-json\/wp\/v2\/media?parent=2448"}],"curies":[{"name":"wp","href":"https:\/\/api.w.org\/{rel}","templated":true}]}}