{"id":2454,"date":"2023-03-27T15:37:22","date_gmt":"2023-03-27T15:37:22","guid":{"rendered":"https:\/\/newdev.triplecdev.site\/?page_id=2454"},"modified":"2024-08-21T02:10:50","modified_gmt":"2024-08-21T02:10:50","slug":"terms-and-conditions","status":"publish","type":"page","link":"https:\/\/www.innova-bizworks.com\/es\/terms-and-conditions\/","title":{"rendered":"T\u00e9rminos y condiciones"},"content":{"rendered":"<section class=\"wpb-content-wrapper\"><div class=\"vc_row wpb_row vc_row-fluid gradient-container-1 vc_custom_1679931232086\"><div class=\"gradient-column-1 wpb_column vc_column_container vc_col-sm-12\"><div class=\"vc_column-inner\"><div class=\"wpb_wrapper\">\n\t<div class=\"wpb_text_column wpb_content_element\" >\n\t\t<div class=\"wpb_wrapper\">\n\t\t\t<p><b>1. General<\/b><\/p>\n<p>1.1. Estos T\u00e9rminos y Condiciones de Uso del Software Innova (<b>&quot;T\u00e9rminos<\/b>\u201d) son un acuerdo legal vinculante entre usted y <b>Grupo Innova IT LLC<\/b> (el &quot;<b>Contrato<\/b>\u201d) que rige su uso del Software Innova y sus aplicaciones (colectivamente, el \u201c<b>Software<\/b>\u201d). Cuando se utiliza en estos T\u00e9rminos, &quot;Innova&quot;, &quot;nosotros&quot;, &quot;nos&quot; o &quot;nuestro&quot; se refiere a la entidad con la que usted contrata e incluye a sus sucesores y a cualquier persona a quien se le hayan asignado derechos en virtud de este Contrato.<\/p>\n<p>1.2. El software es operado por <b>Grupo Innova IT LLC<\/b>, con domicilio social en 15800 Pines Blvd. Suite 3146, Pembroke Pines, FL, 33027, Estados Unidos. Todos los avisos relacionados con los Servicios aqu\u00ed proporcionados y\/o el Software deben enviarse a dicha direcci\u00f3n.<\/p>\n<p>1.3. Lea atentamente los T\u00e9rminos antes de utilizar el Software. Al acceder y utilizar el Software, el Usuario (como se define a continuaci\u00f3n) acepta y reconoce que los T\u00e9rminos son obligatorios y vinculantes. En caso de que el Usuario no est\u00e9 de acuerdo con los T\u00e9rminos, abst\u00e9ngase de utilizar el Software.<\/p>\n<p>1.4. El Usuario se compromete a utilizar el Software con fines l\u00edcitos, respetando las leyes y normativas aplicables, y en ning\u00fan caso utilizar\u00e1 el Software o su contenido con fines contrarios a la ley o la moral o de cualquier otra forma que pueda afectar a su funcionamiento, seguridad y\/o informaci\u00f3n contenida en el mismo.<\/p>\n<p>1.5. El Software s\u00f3lo est\u00e1 disponible para personas f\u00edsicas o jur\u00eddicas que tengan capacidad legal para contratar. Los usuarios que no cumplan con el requisito antes mencionado o que hayan sido rechazados y\/o suspendidos temporalmente o inhabilitados definitivamente para acceder al Software por nuestra parte, deber\u00e1n abstenerse de acceder al mismo.<\/p>\n<p><b>2. Suscripci\u00f3n, alta y baja<\/b><\/p>\n<p>2.1. El Software es una plataforma para ser utilizada por cualquier persona que act\u00fae como administrador de una empresa para gestionar compras, ventas, registros contables, gesti\u00f3n de stock, pagos y transacciones similares.<\/p>\n<p>2.2. Al adquirir su suscripci\u00f3n al Software, se le podr\u00e1n presentar al Usuario diferentes planes u opciones a diferente precio dependiendo de los montos de pr\u00e9stamos a procesar (el \u201c<b>Suscripci\u00f3n<\/b>\u201d). Los precios de los diferentes planes de Suscripciones se mostrar\u00e1n en el Software o en el sitio web de Innova e Innova se reserva el derecho de cambiar el precio actual. La suscripci\u00f3n de los usuarios al software incluye la inscripci\u00f3n en un plan de pago continuo\/recurrente que se renovar\u00e1 autom\u00e1ticamente al final del per\u00edodo de facturaci\u00f3n informado, a menos que se cancele de acuerdo con las instrucciones de cancelaci\u00f3n a continuaci\u00f3n. El pago se cargar\u00e1 al m\u00e9todo de pago elegido por el Usuario en el momento de la confirmaci\u00f3n de la compra y al inicio de cada nuevo per\u00edodo de facturaci\u00f3n, a menos que se cancele. El \u201cper\u00edodo de facturaci\u00f3n\u201d del Usuario es el intervalo de tiempo entre cada fecha de facturaci\u00f3n recurrente y corresponde al plazo de la Suscripci\u00f3n. En caso de un cambio de precio, Innova intentar\u00e1 notificar al Usuario con antelaci\u00f3n del cambio enviando un correo electr\u00f3nico a la direcci\u00f3n de correo electr\u00f3nico que el Usuario haya registrado en su cuenta. Si el Usuario no desea aceptar un cambio de precio, podr\u00e1 cancelar la Suscripci\u00f3n. Si el Usuario no cancela oportunamente su Suscripci\u00f3n, la Suscripci\u00f3n se renovar\u00e1 al precio vigente en el momento de la renovaci\u00f3n.<\/p>\n<p>2.3. El pago de la Suscripci\u00f3n podr\u00e1 realizarse mediante tarjeta de cr\u00e9dito o d\u00e9bito, o cualquier otro medio de pago que el Software pueda habilitar y aceptar por Innova en el futuro. Los precios de suscripci\u00f3n publicados en el Software no incluyen los impuestos relevantes, que se agregar\u00e1n al finalizar la compra.<span class=\"Apple-converted-space\">\u00a0<\/span><\/p>\n<p>2.4. Para utilizar el Software, los Usuarios deben registrarse creando una cuenta de acceso y proporcionando detalles de nombre de usuario y contrase\u00f1a, nombre, direcci\u00f3n de correo electr\u00f3nico, direcci\u00f3n postal, informaci\u00f3n relacionada con el pago por el uso del Software y cualquier otra informaci\u00f3n que podamos solicitar. (el &quot;<b>Cuenta<\/b>\u201c) y aceptar estos T\u00e9rminos. Toda la informaci\u00f3n proporcionada por los Usuarios ser\u00e1 exacta y v\u00e1lida en todo momento y cualquier cambio nos ser\u00e1 notificado inmediatamente. La Cuenta permitir\u00e1 al Usuario utilizar el Software y acceder a los Servicios seg\u00fan lo establecido en el mismo. Los Usuarios acceder\u00e1n a su Cuenta a trav\u00e9s de un nombre de usuario y una contrase\u00f1a personal a elegir por el Usuario, los cuales se mantendr\u00e1n confidenciales. La Cuenta es \u00fanica pero puede ser operada por diferentes Usuarios. <span class=\"Apple-converted-space\">\u00a0<\/span><\/p>\n<p>2.5. Innova proceder\u00e1 a verificar la identidad del Usuario y los datos ingresados en el momento del registro. Innova no se responsabiliza de la veracidad o exactitud de los datos proporcionados por los Usuarios y se reserva el derecho de solicitar pruebas y\/o datos adicionales con el fin de corroborar los datos reportados por el Usuario, as\u00ed como suspender y\/o temporal o definitivamente inhabilitar a aquellos Usuarios cuyos datos no hayan podido ser confirmados. Adem\u00e1s, Innova se reserva el derecho de suspender a los Usuarios temporal o permanentemente en caso de incumplimiento de los T\u00e9rminos.<\/p>\n<p>2.6. Innova mantendr\u00e1 la confidencialidad de los datos proporcionados por los Usuarios para el registro y los Usuarios aceptan mantener la confidencialidad de su nombre y contrase\u00f1a y cualquier otra configuraci\u00f3n de su Cuenta. El Usuario se compromete a notificarnos cualquier uso no autorizado de su Cuenta de inmediato, y a mantener indemne a Innova si esto causa alg\u00fan da\u00f1o a nosotros o a terceros.<\/p>\n<p>2.7. Si el Usuario cancela la Suscripci\u00f3n en cualquier momento antes del final del per\u00edodo de facturaci\u00f3n actual, la cancelaci\u00f3n entrar\u00e1 en vigor al final del per\u00edodo de facturaci\u00f3n actual a menos que se indique lo contrario y el Usuario seguir\u00e1 teniendo acceso al Software hasta el final de su per\u00edodo de facturaci\u00f3n actual. Para cancelar la Suscripci\u00f3n al Software, el Usuario deber\u00e1 iniciar sesi\u00f3n en su Cuenta y seguir las instrucciones en la p\u00e1gina de su cuenta.<span class=\"Apple-converted-space\">\u00a0 <\/span>Las cancelaciones tambi\u00e9n se podr\u00e1n realizar a trav\u00e9s de la web de Innova.<\/p>\n<p><b>3. Suspensi\u00f3n y Terminaci\u00f3n del Contrato<span class=\"Apple-converted-space\">\u00a0<\/span><\/b><\/p>\n<p>3.1. El Usuario acepta que podemos, a nuestro exclusivo criterio y sin previo aviso ni responsabilidad para el Usuario, restringir, suspender o cancelar el acceso del Usuario a parte o la totalidad del Software, si creemos que el Usuario est\u00e1 usando o ha usado el Software o los Servicios en violaci\u00f3n de los T\u00e9rminos o las leyes o regulaciones aplicables o de cualquier manera que no sea para el prop\u00f3sito previsto y de acuerdo con todas las dem\u00e1s pautas y requisitos aplicables a los mismos. Sin limitar lo anterior, podemos restringir o suspender el acceso del Usuario a su Cuenta por una causa, que incluye, entre otras, (a) solicitudes de autoridades policiales u otras autoridades gubernamentales, (b) cuestiones o problemas t\u00e9cnicos inesperados, o ( c) si creemos razonablemente que la Cuenta del Usuario ha sido creada de manera fraudulenta, o que alguien usa la Cuenta para cometer fraude o para cualquier prop\u00f3sito distinto al previsto y de acuerdo con todos los requisitos aplicables al mismo. El Usuario acepta que no seremos responsables ante el Usuario ni ante ning\u00fan tercero por dicha restricci\u00f3n, suspensi\u00f3n o terminaci\u00f3n del acceso del Usuario a su Cuenta o al Software.<span class=\"Apple-converted-space\">\u00a0<\/span><\/p>\n<p>3.2. Tambi\u00e9n nos reservamos el derecho de tomar las acciones legales apropiadas contra la violaci\u00f3n de los derechos de propiedad intelectual, el fraude o motivos similares de terminaci\u00f3n por parte del Usuario. Nuestra decisi\u00f3n de retrasar el ejercicio o la ejecuci\u00f3n de cualquier derecho o recurso en virtud de este Contrato no constituir\u00e1 una renuncia a dicho derecho o recurso con respecto a ninguna de las partes.<\/p>\n<p>3.3. Tras la terminaci\u00f3n de la Cuenta del Usuario, ya sea que se cancele seg\u00fan nuestra determinaci\u00f3n o a solicitud del Usuario (que no sea una cancelaci\u00f3n de la Suscripci\u00f3n, en cuyo caso la Suscripci\u00f3n continuar\u00e1 hasta el final del per\u00edodo de facturaci\u00f3n), el Usuario perder\u00e1 el derecho a acceder al software.<\/p>\n<p><b>4. Propiedad intelectual<\/b><\/p>\n<p>4.1. El mero acceso al Software no otorga al Usuario ning\u00fan derecho de uso sobre el contenido del Software (ya sea contenido pasado, actual o futuro). Innova es el propietario o el licenciatario de todos los derechos de propiedad intelectual generados en el Software y los Servicios y cualquier material publicado en relaci\u00f3n con ellos. Los contenidos mostrados en el Software no pueden, de ninguna manera, ser copiados, distribuidos, reproducidos o divulgados, por ning\u00fan medio, bajo pena de responsabilidad civil y\/o penal.<\/p>\n<p>4.2. Innova otorga al Usuario una licencia limitada no exclusiva para usar el Software, incluidas todas las actualizaciones, mejoras, nuevas versiones y reemplazos, \u00fanicamente para su uso personal. El Usuario no podr\u00e1 alquilar, arrendar ni transferir sus derechos de uso del Software a ning\u00fan tercero. Si los Usuarios no cumplen con las instrucciones, requisitos de implementaci\u00f3n y uso de Innova, el Usuario ser\u00e1 responsable de todos los da\u00f1os resultantes sufridos por ellos, Innova y terceros. El Usuario se compromete a no alterar, reproducir, adaptar, distribuir, mostrar, publicar, traducir, desmontar, descompilar ni intentar crear ning\u00fan c\u00f3digo fuente derivado del Software. El nombre y el logotipo de Innova, y todos los logotipos relacionados con nuestros productos y servicios, son propiedad de Innova o marcas comerciales registradas de Innova. Adem\u00e1s, todos los gr\u00e1ficos, \u00edconos de botones y secuencias de comandos est\u00e1n protegidos por derechos de autor propiedad de Innova, marcas comerciales y\/o secretos comerciales de Innova. El Usuario no podr\u00e1 copiar, imitar, modificar, alterar, realizar ingenier\u00eda inversa, descompilar o desensamblar el Software.<\/p>\n<p><b>5. Limitaci\u00f3n de Responsabilidad. Indemnidad<\/b><\/p>\n<p>5.1. El Software est\u00e1 sujeto a posibles problemas de interrupci\u00f3n, fallas t\u00e9cnicas e indisponibilidad temporal de los Servicios. No seremos responsables de los da\u00f1os de cualquier naturaleza que puedan ocurrir debido a la indisponibilidad o falta de continuidad de las operaciones del Software, aunque Innova har\u00e1 todos los esfuerzos razonables para garantizar que los Servicios puedan brindarse de manera oportuna, pero de ninguna manera garantiza el tiempo necesario para completar su tramitaci\u00f3n.<\/p>\n<p>5.2. Haremos nuestros mejores esfuerzos para garantizar la seguridad y confiabilidad del Software y el contenido disponible en el Software mediante el uso de diversos controles para detectar, prevenir y combatir actividades maliciosas. Sin embargo, Innova no ser\u00e1 responsable de ning\u00fan da\u00f1o derivado de acciones de terceros, de la conducta indebida del Usuario, o de cualquier hecho que de alguna manera est\u00e9 fuera de nuestra vigilancia.<\/p>\n<p>5.3. El Usuario reconoce y acepta la condici\u00f3n esencial de que el contenido del Software as\u00ed como los Servicios se proporcionen \u201cTAL CUAL\u201d y sin garant\u00edas de ning\u00fan tipo, en la m\u00e1xima medida permitida por la ley. Innova renuncia a cualquier garant\u00eda y condici\u00f3n, expresa, impl\u00edcita o legal, incluidas, entre otras, garant\u00edas o condiciones de comerciabilidad, idoneidad para un prop\u00f3sito particular, precisi\u00f3n, integridad, disponibilidad, seguridad, compatibilidad, calidad satisfactoria y no infracci\u00f3n, y sus equivalentes. bajo las leyes de cualquier jurisdicci\u00f3n. El Usuario tambi\u00e9n reconoce y acepta que Innova no garantiza que el contenido o el Software o los Servicios estar\u00e1n libres de errores, virus u otros componentes da\u00f1inos. Innova no garantiza ni declara de otro modo que el contenido del Software o los Servicios cumplir\u00e1n con los requisitos del Usuario.<span class=\"Apple-converted-space\">\u00a0<\/span><\/p>\n<p>5.4. En ning\u00fan caso Innova ser\u00e1 responsable ante el Usuario o ante terceros por cualquier da\u00f1o, incluidos, entre otros, da\u00f1os directos, indirectos, incidentales o consecuentes que surjan del Software. El Usuario acepta indemnizar, defender y eximir de responsabilidad a Innova de cualquier reclamo, da\u00f1o, responsabilidad y gasto de cualquier tipo, que surja de o est\u00e9 relacionado con el uso del Software o la prestaci\u00f3n de los Servicios.<\/p>\n<p><b>6. Ley aplicable y jurisdicci\u00f3n<\/b><\/p>\n<p>Estos T\u00e9rminos, el uso del Software y la prestaci\u00f3n de los Servicios se rigen por las leyes del Estado de Florida. En caso de que surja una reclamaci\u00f3n o disputa a ra\u00edz de estos T\u00e9rminos y\/o su uso del Software o los Servicios, usted acepta que los tribunales del Condado de Minnesota tendr\u00e1n jurisdicci\u00f3n exclusiva sobre dichas reclamaciones o disputas, sin perjuicio de sus derechos conforme a la ley aplicable.<\/p>\n<p><b>7. Disposiciones generales<\/b><\/p>\n<p>7.1. Innova puede modificar estos T\u00e9rminos y dicha enmienda entrar\u00e1 en vigencia treinta (30) d\u00edas despu\u00e9s de que enviemos un aviso al Usuario o de que publiquemos la enmienda en el Software. Cualquier Usuario que no est\u00e9 de acuerdo con las modificaciones realizadas podr\u00e1 solicitar la cancelaci\u00f3n de la Cuenta y deber\u00e1 abstenerse de utilizar el Software. En caso de que contin\u00fae utilizando el Software, se considerar\u00e1 que ha aceptado las modificaciones del Software.<span class=\"Apple-converted-space\">\u00a0<\/span><\/p>\n<p>7.2. En el caso de que cualquier disposici\u00f3n de este Contrato sea declarada nula o inaplicable por cualquier tribunal de jurisdicci\u00f3n competente, dicha declaraci\u00f3n no tendr\u00e1 efecto sobre las disposiciones restantes de este Contrato. Este Contrato representa el acuerdo completo entre el Usuario e Innova con respecto al suministro del Software (junto con todas las dem\u00e1s pautas, directivas y pol\u00edticas promulgadas por Innova y relacionadas con los Servicios) y reemplaza cualquier propuesta o propuesta anterior, paralela, oral o escrita. representaciones entre las partes. Todas las disposiciones que, a pesar de la terminaci\u00f3n del Contrato o el cierre de su Cuenta, por su naturaleza seguir\u00e1n vigentes, lo seguir\u00e1n siendo, incluidas las disposiciones relacionadas con la suspensi\u00f3n de la Cuenta del Usuario y los derechos de uso del Software o cualquier parte del mismo, incluyendo, sin limitaci\u00f3n, disposiciones relacionadas con la propiedad, propiedad intelectual, garant\u00edas y responsabilidades. El incumplimiento de cualquier disposici\u00f3n espec\u00edfica por cualquiera de las partes, o la falta de acci\u00f3n o adopci\u00f3n de medidas contra la otra parte en caso de incumplimiento por cualquiera de las partes, no se considerar\u00e1 una renuncia a tal derecho.<span class=\"Apple-converted-space\">\u00a0 <\/span>Las disposiciones del presente documento que por su naturaleza deber\u00edan sobrevivir a la terminaci\u00f3n de este Contrato seguir\u00e1n vigentes tras dicha terminaci\u00f3n.<\/p>\n<p>7.3. La aceptaci\u00f3n por parte del Usuario de estos T\u00e9rminos y cualquier uso del Software por parte de cualquier Usuario no crea, y no se interpretar\u00e1 como que crea, ninguna asociaci\u00f3n, empresa conjunta, empleo, agencia, franquicia o relaci\u00f3n de agencia entre el Usuario e Innova.<\/p>\n<p>7.4. Este Acuerdo y las disposiciones a las que se hace referencia en este documento, junto con cualquier acuerdo o pol\u00edtica que se incorpore aqu\u00ed como referencia, constituyen el acuerdo completo entre el Usuario e Innova en relaci\u00f3n con el tema del presente y reemplaza todos los acuerdos, entendimientos, negociaciones y discusiones anteriores o de otro tipo. ya sea oral o escrito. Ninguna renuncia a cualquiera de las disposiciones de este Acuerdo se considerar\u00e1 ni constituir\u00e1 una renuncia a cualquier otra disposici\u00f3n del mismo (sean o no similares), ni dicha renuncia constituir\u00e1 una renuncia continua a menos que se indique expresamente lo contrario.<\/p>\n<p><b>8. Servicio al cliente, informaci\u00f3n de contacto y resoluci\u00f3n de disputas<\/b><\/p>\n<p>Si tiene alguna pregunta o queja sobre estos T\u00e9rminos o necesita ayuda con el Software o los Servicios, siempre estamos aqu\u00ed para ayudarlo a resolver cualquier disputa de manera amistosa. Puede contactar con nosotros todos los d\u00edas del a\u00f1o por los medios que se detallan a continuaci\u00f3n.<span class=\"Apple-converted-space\">\u00a0<\/span><\/p>\n<p>Por correo electr\u00f3nico: support@innova-org.com<\/p>\n\n\t\t<\/div>\n\t<\/div>\n<\/div><\/div><\/div><\/div>\n<\/section>","protected":false},"excerpt":{"rendered":"<p>1. General 1.1. Estos T\u00e9rminos y Condiciones de Uso del Software Innova (\u201cT\u00e9rminos\u201d) constituyen un acuerdo legal vinculante entre usted e Innova IT Group LLC (el \u201cContrato\u201d) que rige su uso del Software Innova y sus aplicaciones (colectivamente, el \u201cSoftware\u201d). Cuando se utilizan en estos T\u00e9rminos, \u201cInnova\u201d, \u201cnosotros\u201d, \u201cnos\u201d o \u201cnuestro\u201d se refieren a\u2026<\/p>","protected":false},"author":174,"featured_media":0,"parent":0,"menu_order":0,"comment_status":"closed","ping_status":"closed","template":"","meta":{"_seopress_robots_primary_cat":"","_seopress_titles_title":"Terms and Conditions | Innova Biz ","_seopress_titles_desc":"Standard terms and conditions for our Software as a Service business solutions.","_seopress_robots_index":"","inline_featured_image":false,"footnotes":""},"_links":{"self":[{"href":"https:\/\/www.innova-bizworks.com\/es\/wp-json\/wp\/v2\/pages\/2454"}],"collection":[{"href":"https:\/\/www.innova-bizworks.com\/es\/wp-json\/wp\/v2\/pages"}],"about":[{"href":"https:\/\/www.innova-bizworks.com\/es\/wp-json\/wp\/v2\/types\/page"}],"author":[{"embeddable":true,"href":"https:\/\/www.innova-bizworks.com\/es\/wp-json\/wp\/v2\/users\/174"}],"replies":[{"embeddable":true,"href":"https:\/\/www.innova-bizworks.com\/es\/wp-json\/wp\/v2\/comments?post=2454"}],"version-history":[{"count":4,"href":"https:\/\/www.innova-bizworks.com\/es\/wp-json\/wp\/v2\/pages\/2454\/revisions"}],"predecessor-version":[{"id":4053,"href":"https:\/\/www.innova-bizworks.com\/es\/wp-json\/wp\/v2\/pages\/2454\/revisions\/4053"}],"wp:attachment":[{"href":"https:\/\/www.innova-bizworks.com\/es\/wp-json\/wp\/v2\/media?parent=2454"}],"curies":[{"name":"wp","href":"https:\/\/api.w.org\/{rel}","templated":true}]}}