{"id":3681,"date":"2023-08-03T14:47:07","date_gmt":"2023-08-03T14:47:07","guid":{"rendered":"https:\/\/www.innova-biz.com\/?page_id=3681"},"modified":"2024-07-05T18:14:43","modified_gmt":"2024-07-05T18:14:43","slug":"pricing","status":"publish","type":"page","link":"https:\/\/www.innova-bizworks.com\/es\/pricing\/","title":{"rendered":"Precios"},"content":{"rendered":"<section class=\"wpb-content-wrapper\"><div data-vc-full-width=\"true\" data-vc-full-width-init=\"false\" class=\"vc_row wpb_row vc_row-fluid gradient-container-1 pricing\"><div class=\"gradient-column-1 wpb_column vc_column_container vc_col-sm-6\"><div class=\"vc_column-inner\"><div class=\"wpb_wrapper\"><\/div><\/div><\/div><div class=\"gradient-column-2 wpb_column vc_column_container vc_col-sm-6\"><div class=\"vc_column-inner\"><div class=\"wpb_wrapper\"><div class=\"vc_empty_space\"   style=\"height: 125px\"><span class=\"vc_empty_space_inner\"><\/span><\/div>\n\t<div class=\"wpb_text_column wpb_content_element\" >\n\t\t<div class=\"wpb_wrapper\">\n\t\t\t<h3 style=\"text-align: center;\"><span style=\"color: #ec6d20;\">PRECIOS<\/span><\/h3>\n\n\t\t<\/div>\n\t<\/div>\n<div class=\"vc_empty_space\"   style=\"height: 16px\"><span class=\"vc_empty_space_inner\"><\/span><\/div>\n\t<div class=\"wpb_text_column wpb_content_element\" >\n\t\t<div class=\"wpb_wrapper\">\n\t\t\t<h2 style=\"text-align: center;\"><span style=\"color: #ffffff;\">Una propuesta comercial alineada con tu tama\u00f1o y complejidad<\/span><\/h2>\n\n\t\t<\/div>\n\t<\/div>\n<div class=\"vc_empty_space\"   style=\"height: 16px\"><span class=\"vc_empty_space_inner\"><\/span><\/div>\n\t<div class=\"wpb_text_column wpb_content_element\" >\n\t\t<div class=\"wpb_wrapper\">\n\t\t\t<div style=\"text-align: center;\" data-pm-slice=\"1 1 &#091;&#093;\" data-en-clipboard=\"true\"><strong><span style=\"color: #ffffff;\">Biz<\/span><span style=\"color: #ec6d20;\">Works<\/span> <span style=\"color: #ffffff;\">le ayuda a simplificar su negocio al proporcionarle una plataforma \u00fanica para ejecutar sus operaciones comerciales y contables que le permitir\u00e1 concentrarse en hacer crecer y deleitar a sus clientes.<\/span><\/strong><\/div>\n\n\t\t<\/div>\n\t<\/div>\n<div class=\"vc_empty_space\"   style=\"height: 16px\"><span class=\"vc_empty_space_inner\"><\/span><\/div><style type=\"text\/css\" data-type=\"the7_shortcodes-inline-css\">#default-btn-c309d10f5742aebb74bebfc9b18544f2.ico-right-side > i {\n  margin-right: 0px;\n  margin-left: 8px;\n}\n#default-btn-c309d10f5742aebb74bebfc9b18544f2 > i {\n  margin-right: 8px;\n}\n<\/style><div class=\"btn-align-center\"><a href=\"https:\/\/calendly.com\/frflores11\/30min\" class=\"default-btn-shortcode dt-btn dt-btn-l link-hover-off\" target=\"_blank\" id=\"default-btn-c309d10f5742aebb74bebfc9b18544f2\" rel=\"noopener\"><span>Agendar Demo<\/span><\/a><\/div><div class=\"vc_empty_space\"   style=\"height: 125px\"><span class=\"vc_empty_space_inner\"><\/span><\/div><\/div><\/div><\/div><\/div><div class=\"vc_row-full-width vc_clearfix\"><\/div><!-- Row Backgrounds --><div class=\"upb_bg_img\" data-ultimate-bg=\"url(https:\/\/www.innova-bizworks.com\/wp-content\/uploads\/sites\/6\/2023\/03\/Solution_hero.webp)\" data-image-id=\"id^2360|url^https:\/\/www.innova-biz.com\/wp-content\/uploads\/sites\/6\/2023\/03\/Solution_hero.webp|caption^null|alt^Image of a Business owner using a tablet to access their loan status in LoanWorks, our mortgage loan processing software.|title^Solution_hero|description^null\" data-ultimate-bg-style=\"vcpb-vz-jquery\" data-bg-img-repeat=\"repeat\" data-bg-img-size=\"cover\" data-bg-img-position=\"\" data-parallx_sense=\"30\" data-bg-override=\"0\" data-bg_img_attach=\"scroll\" data-upb-overlay-color=\"rgba(0,0,0,0.19)\" data-upb-bg-animation=\"\" data-fadeout=\"\" data-bg-animation=\"left-animation\" data-bg-animation-type=\"h\" data-animation-repeat=\"repeat\" data-fadeout-percentage=\"30\" data-parallax-content=\"\" data-parallax-content-sense=\"30\" data-row-effect-mobile-disable=\"true\" data-img-parallax-mobile-disable=\"false\" data-rtl=\"false\"  data-custom-vc-row=\"\"  data-vc=\"7.0\"  data-is_old_vc=\"\"  data-theme-support=\"\"   data-overlay=\"true\" data-overlay-color=\"rgba(0,0,0,0.19)\" data-overlay-pattern=\"\" data-overlay-pattern-opacity=\"0.8\" data-overlay-pattern-size=\"\" data-overlay-pattern-attachment=\"scroll\"     data-hide-row=\" uvc_hidden-xs \" ><\/div><div class=\"vc_row wpb_row vc_row-fluid gradient-container-2\"><div class=\"gradient-column-3 wpb_column vc_column_container vc_col-sm-12\"><div class=\"vc_column-inner\"><div class=\"wpb_wrapper\"><div class=\"vc_empty_space\"   style=\"height: 64px\"><span class=\"vc_empty_space_inner\"><\/span><\/div>\n\t<div class=\"wpb_text_column wpb_content_element\" >\n\t\t<div class=\"wpb_wrapper\">\n\t\t\t<h2 style=\"text-align: center;\"><span style=\"color: #ec6d20;\"><strong>Suscripciones<\/strong><\/span><\/h2>\n\n\t\t<\/div>\n\t<\/div>\n<div class=\"vc_empty_space\"   style=\"height: 32px\"><span class=\"vc_empty_space_inner\"><\/span><\/div>\n\t<div class=\"wpb_text_column wpb_content_element\" >\n\t\t<div class=\"wpb_wrapper\">\n\t\t\t<h3 style=\"text-align: center;\">PRECIOS ALINEADOS A TUS OPERACIONES COMERCIALES<\/h3>\n\n\t\t<\/div>\n\t<\/div>\n<div class=\"vc_empty_space\"   style=\"height: 48px\"><span class=\"vc_empty_space_inner\"><\/span><\/div><div class=\"vc_row wpb_row vc_inner vc_row-fluid\"><div class=\"wpb_column vc_column_container vc_col-sm-6\"><div class=\"vc_column-inner\"><div class=\"wpb_wrapper\"><div class=\"ult_pricing_table_wrap ult_design_5 ult_featured ult-cs-custom\">\n\t\t\t\t\t<div class=\"ult_pricing_table\" style=\"background:#ffffff;color:#000000;\"><div id=\"price-table-wrap-9989\" class=\"ult_pricing_heading\" style=\"background:#ec6d20;color:#ffffff;\">\n\t\t\t\t\t\t\t<h2 class=\"price-heading ult-responsive cust-headformat\"  data-ultimate-target='#price-table-wrap-9989 .cust-headformat'  data-responsive-json-new='{\"font-size\":\"desktop:32px;\",\"line-height\":\"desktop:36px;\"}'  style=\"font-weight:bold;color:#ffffff;\">Edici\u00f3n profesional<\/h2><h4  data-ultimate-target='#price-table-wrap-9989 .cust-subhead'  data-responsive-json-new='{\"font-size\":\"\",\"line-height\":\"\"}'  class=\"price-subheading ult-responsive cust-subhead\" style=\"font-weight:normal;color:#ffffff;\">Pymes<\/h4><\/div><!--ult_pricing_heading--><div class=\"ult_price_body_block\" style=\"background:#ec6d20;color:#ffffff;\">\n\t\t\t\t\t\t\t<div class=\"ult_price_body\">\n\t\t\t\t\t\t\t\t<div id=\"price-table-wrap-1825\"  class=\"ult_price\">\n\t\t\t\t\t\t\t\t\t<span  data-ultimate-target='#price-table-wrap-1825 .ult_price_figure'  data-responsive-json-new='{\"font-size\":\"desktop:48px;\",\"line-height\":\"desktop:52px;\"}'  class=\"ult_price_figure ult-responsive\" style=\"font-weight:normal;color:#ffffff;\">$40 \/ $20<\/span>\n\t\t\t\t\t\t\t\t\t<span  data-ultimate-target='#price-table-wrap-1825 .ult_price_term'  data-responsive-json-new='{\"font-size\":\"desktop:24px;\",\"line-height\":\"desktop:28px;\"}'  class=\"ult_price_term ult-responsive\" style=\"font-weight:normal;color:#ffffff;\">por usuario simult\u00e1neo por mes*<\/span>\n\t\t\t\t\t\t\t\t<\/div>\n\t\t\t\t\t\t\t<\/div>\n\t\t\t\t\t\t<\/div><!--ult_price_body_block--><div id=\"price-table-features-wrap-2965\" class=\"ult_price_features ult-responsive\"  data-ultimate-target='#price-table-features-wrap-2965'  data-responsive-json-new='{\"font-size\":\"\",\"line-height\":\"\"}'  style=\"font-weight:normal;\">\n\t\t\t\t\t\t\t<p style=\"text-align: center;\"><b>*Los usuarios concurrentes son \u201cespacios\u201d utilizados por cualquier persona que ingresa al sistema.<\/b><\/p>\n<p style=\"text-align: center;\"><b>$40 el primer usuario concurrente y $20 por usuarios adicionales<\/b><\/p>\n<p style=\"text-align: center;\"><b>Perfecto para tu PYME<\/b><\/p>\n<h4 style=\"text-align: center;\"><span style=\"color: #ec6d20;\"><strong>INCLUIDO EN LA SUSCRIPCI\u00d3N<\/strong><\/span><\/h4>\n<p style=\"text-align: center;\">\u2022 Todas las funciones incluidas<\/p>\n<p style=\"text-align: center;\">\u2013\u2013\u2013\u2013\u2013\u2013\u2013\u2013\u2013\u2013\u2013\u2013\u2013\u2013\u2013\u2013\u2013\u2013\u2013\u2013\u2013\u2013\u2013\u2013\u2013\u2013\u2013\u2013\u2013\u2013\u2013\u2013\u2013\u2013\u2013\u2013\u2013\u2013\u2013\u2013\u2013\u2013\u2013<\/p>\n<p style=\"text-align: center;\">\u2022 Acceso multifunci\u00f3n<\/p>\n<p style=\"text-align: center;\">\u2013\u2013\u2013\u2013\u2013\u2013\u2013\u2013\u2013\u2013\u2013\u2013\u2013\u2013\u2013\u2013\u2013\u2013\u2013\u2013\u2013\u2013\u2013\u2013\u2013\u2013\u2013\u2013\u2013\u2013\u2013\u2013\u2013\u2013\u2013\u2013\u2013\u2013\u2013\u2013\u2013\u2013\u2013<\/p>\n<p style=\"text-align: center;\">\u2022 Incorporaci\u00f3n guiada con v\u00eddeos y plantillas.<\/p>\n<p style=\"text-align: center;\">\u2013\u2013\u2013\u2013\u2013\u2013\u2013\u2013\u2013\u2013\u2013\u2013\u2013\u2013\u2013\u2013\u2013\u2013\u2013\u2013\u2013\u2013\u2013\u2013\u2013\u2013\u2013\u2013\u2013\u2013\u2013\u2013\u2013\u2013\u2013\u2013\u2013\u2013\u2013\u2013\u2013\u2013\u2013<\/p>\n<p style=\"text-align: center;\">\u2022 Soporte t\u00e9cnico durante el horario comercial<\/p>\n<p style=\"text-align: center;\">\u2013\u2013\u2013\u2013\u2013\u2013\u2013\u2013\u2013\u2013\u2013\u2013\u2013\u2013\u2013\u2013\u2013\u2013\u2013\u2013\u2013\u2013\u2013\u2013\u2013\u2013\u2013\u2013\u2013\u2013\u2013\u2013\u2013\u2013\u2013\u2013\u2013\u2013\u2013\u2013\u2013\u2013\u2013<\/p>\n<p style=\"text-align: center;\">\u2022 Chat en la aplicaci\u00f3n disponible con el equipo de servicio al cliente<\/p>\n<p style=\"text-align: center;\">\u2013\u2013\u2013\u2013\u2013\u2013\u2013\u2013\u2013\u2013\u2013\u2013\u2013\u2013\u2013\u2013\u2013\u2013\u2013\u2013\u2013\u2013\u2013\u2013\u2013\u2013\u2013\u2013\u2013\u2013\u2013\u2013\u2013\u2013\u2013\u2013\u2013\u2013\u2013\u2013\u2013\u2013\u2013<\/p>\n<p style=\"text-align: center;\">\u2022 Privacidad s\u00f3lida: los datos siempre ser\u00e1n suyos<\/p>\n\n\t\t\t\t\t\t<\/div><!--ult_price_features--><div id=\"price-table-button-wrap-2946\" class=\"ult_price_link\">\n\t\t\t\t\t\t\t<a  data-ultimate-target='#price-table-button-wrap-2946 .ult_price_action_button'  data-responsive-json-new='{\"font-size\":\"\",\"line-height\":\"\"}'  href=\"https:\/\/calendly.com\/frflores11\/30min\" title=\"Suscribir\" target=\"_blank\" rel=\"noopener\"  class=\"ult_price_action_button ult-responsive\" style=\"background:#ec6d20;color:#ffffff; font-weight:normal;\">CONTACTA VENTAS<\/a>\n\t\t\t\t\t\t<\/div><!--ult_price_link--><div class=\"ult_clr\"><\/div>\n\t\t\t<\/div><!--pricing_table-->\n\t\t<\/div><!--pricing_table_wrap--><\/div><\/div><\/div><div class=\"wpb_column vc_column_container vc_col-sm-6\"><div class=\"vc_column-inner\"><div class=\"wpb_wrapper\"><div class=\"ult_pricing_table_wrap ult_design_5 ult_featured ult-cs-custom\">\n\t\t\t\t\t<div class=\"ult_pricing_table\" style=\"background:#ffffff;color:#000000;\"><div id=\"price-table-wrap-9022\" class=\"ult_pricing_heading\" style=\"background:#ec6d20;color:#ffffff;\">\n\t\t\t\t\t\t\t<h2 class=\"price-heading ult-responsive cust-headformat\"  data-ultimate-target='#price-table-wrap-9022 .cust-headformat'  data-responsive-json-new='{\"font-size\":\"desktop:32px;\",\"line-height\":\"desktop:36px;\"}'  style=\"font-weight:bold;color:#ffffff;\">Edici\u00f3n Corporativa<\/h2><h4  data-ultimate-target='#price-table-wrap-9022 .cust-subhead'  data-responsive-json-new='{\"font-size\":\"\",\"line-height\":\"\"}'  class=\"price-subheading ult-responsive cust-subhead\" style=\"font-weight:normal;color:#ffffff;\">Negocio corporativo<\/h4><\/div><!--ult_pricing_heading--><div class=\"ult_price_body_block\" style=\"background:#ec6d20;color:#ffffff;\">\n\t\t\t\t\t\t\t<div class=\"ult_price_body\">\n\t\t\t\t\t\t\t\t<div id=\"price-table-wrap-1078\"  class=\"ult_price\">\n\t\t\t\t\t\t\t\t\t<span  data-ultimate-target='#price-table-wrap-1078 .ult_price_figure'  data-responsive-json-new='{\"font-size\":\"desktop:48px;\",\"line-height\":\"desktop:52px;\"}'  class=\"ult_price_figure ult-responsive\" style=\"font-weight:normal;color:#ffffff;\">$$<\/span>\n\t\t\t\t\t\t\t\t\t<span  data-ultimate-target='#price-table-wrap-1078 .ult_price_term'  data-responsive-json-new='{\"font-size\":\"desktop:24px;\",\"line-height\":\"desktop:28px;\"}'  class=\"ult_price_term ult-responsive\" style=\"font-weight:normal;color:#ffffff;\">por mes<\/span>\n\t\t\t\t\t\t\t\t<\/div>\n\t\t\t\t\t\t\t<\/div>\n\t\t\t\t\t\t<\/div><!--ult_price_body_block--><div id=\"price-table-features-wrap-2255\" class=\"ult_price_features ult-responsive\"  data-ultimate-target='#price-table-features-wrap-2255'  data-responsive-json-new='{\"font-size\":\"\",\"line-height\":\"\"}'  style=\"font-weight:normal;\">\n\t\t\t\t\t\t\t<p style=\"text-align: center;\"><strong>Suscripci\u00f3n personalizada para m\u00e1s de 30 usuarios simult\u00e1neos<\/strong><\/p>\n<p>&nbsp;<\/p>\n<p>&nbsp;<\/p>\n<h4 style=\"text-align: center;\"><span style=\"color: #ec6d20;\"><strong>INCLUIDO EN LA SUSCRIPCI\u00d3N<\/strong><\/span><\/h4>\n<p style=\"text-align: center;\">\u2022 Todas las funciones est\u00e1ndar incluidas<\/p>\n<p style=\"text-align: center;\">\u2013\u2013\u2013\u2013\u2013\u2013\u2013\u2013\u2013\u2013\u2013\u2013\u2013\u2013\u2013\u2013\u2013\u2013\u2013\u2013\u2013\u2013\u2013\u2013\u2013\u2013\u2013\u2013\u2013\u2013\u2013\u2013\u2013\u2013\u2013\u2013\u2013\u2013\u2013\u2013\u2013\u2013\u2013<\/p>\n<p style=\"text-align: center;\">\u2022 Rol multidepartamental y control de acceso<\/p>\n<p style=\"text-align: center;\">\u2013\u2013\u2013\u2013\u2013\u2013\u2013\u2013\u2013\u2013\u2013\u2013\u2013\u2013\u2013\u2013\u2013\u2013\u2013\u2013\u2013\u2013\u2013\u2013\u2013\u2013\u2013\u2013\u2013\u2013\u2013\u2013\u2013\u2013\u2013\u2013\u2013\u2013\u2013\u2013\u2013\u2013\u2013<\/p>\n<p style=\"text-align: center;\">\u2022 Cotizaci\u00f3n de servicios de implementaci\u00f3n<\/p>\n<p style=\"text-align: center;\">\u2013\u2013\u2013\u2013\u2013\u2013\u2013\u2013\u2013\u2013\u2013\u2013\u2013\u2013\u2013\u2013\u2013\u2013\u2013\u2013\u2013\u2013\u2013\u2013\u2013\u2013\u2013\u2013\u2013\u2013\u2013\u2013\u2013\u2013\u2013\u2013\u2013\u2013\u2013\u2013\u2013\u2013\u2013<\/p>\n<p style=\"text-align: center;\">\u2022 Soporte t\u00e9cnico en horario extendido<\/p>\n<p style=\"text-align: center;\">\u2013\u2013\u2013\u2013\u2013\u2013\u2013\u2013\u2013\u2013\u2013\u2013\u2013\u2013\u2013\u2013\u2013\u2013\u2013\u2013\u2013\u2013\u2013\u2013\u2013\u2013\u2013\u2013\u2013\u2013\u2013\u2013\u2013\u2013\u2013\u2013\u2013\u2013\u2013\u2013\u2013\u2013\u2013<\/p>\n<p style=\"text-align: center;\">\u2022 Chat en la aplicaci\u00f3n con el equipo de atenci\u00f3n al cliente<\/p>\n<p style=\"text-align: center;\">\u2013\u2013\u2013\u2013\u2013\u2013\u2013\u2013\u2013\u2013\u2013\u2013\u2013\u2013\u2013\u2013\u2013\u2013\u2013\u2013\u2013\u2013\u2013\u2013\u2013\u2013\u2013\u2013\u2013\u2013\u2013\u2013\u2013\u2013\u2013\u2013\u2013\u2013\u2013\u2013\u2013\u2013\u2013<\/p>\n<p style=\"text-align: center;\">\u2022 Privacidad s\u00f3lida: los datos son siempre suyos<\/p>\n\n\t\t\t\t\t\t<\/div><!--ult_price_features--><div id=\"price-table-button-wrap-7033\" class=\"ult_price_link\">\n\t\t\t\t\t\t\t<a  data-ultimate-target='#price-table-button-wrap-7033 .ult_price_action_button'  data-responsive-json-new='{\"font-size\":\"\",\"line-height\":\"\"}'  href=\"https:\/\/calendly.com\/frflores11\/30min\" title=\"Suscribir\" target=\"_blank\" rel=\"noopener\"  class=\"ult_price_action_button ult-responsive\" style=\"background:#ec6d20;color:#ffffff; font-weight:normal;\">CONTACTA VENTAS<\/a>\n\t\t\t\t\t\t<\/div><!--ult_price_link--><div class=\"ult_clr\"><\/div>\n\t\t\t<\/div><!--pricing_table-->\n\t\t<\/div><!--pricing_table_wrap--><\/div><\/div><\/div><\/div><div class=\"vc_empty_space\"   style=\"height: 32px\"><span class=\"vc_empty_space_inner\"><\/span><\/div>\n\t<div class=\"wpb_text_column wpb_content_element\" >\n\t\t<div class=\"wpb_wrapper\">\n\t\t\t<h3 style=\"text-align: center;\"><span style=\"color: #ec6d20;\">Incluido <\/span><span style=\"color: #ec6d20;\">Funcionalidad<\/span><\/h3>\n\n\t\t<\/div>\n\t<\/div>\n<div class=\"vc_empty_space\"   style=\"height: 32px\"><span class=\"vc_empty_space_inner\"><\/span><\/div>\n\t<div class=\"wpb_text_column wpb_content_element\" >\n\t\t<div class=\"wpb_wrapper\">\n\t\t\t<h2 style=\"text-align: center;\">Una plataforma de software integrada para sus operaciones comerciales<\/h2>\n\n\t\t<\/div>\n\t<\/div>\n<div class=\"vc_empty_space\"   style=\"height: 32px\"><span class=\"vc_empty_space_inner\"><\/span><\/div><div class=\"vc_row wpb_row vc_inner vc_row-fluid\"><div class=\"wpb_column vc_column_container vc_col-sm-3\"><div class=\"vc_column-inner\"><div class=\"wpb_wrapper\"><div class=\"vc_icon_element vc_icon_element-outer vc_icon_element-align-center\"><div class=\"vc_icon_element-inner vc_icon_element-color-custom vc_icon_element-size-lg vc_icon_element-style- vc_icon_element-background-color-grey\" ><span class=\"vc_icon_element-icon fas fa-cash-register\" style=\"color:#ec6d20 !important\"><\/span><\/div><\/div>\n\t<div class=\"wpb_text_column wpb_content_element\" >\n\t\t<div class=\"wpb_wrapper\">\n\t\t\t<p style=\"text-align: center;\">Ventas<\/p>\n\n\t\t<\/div>\n\t<\/div>\n<\/div><\/div><\/div><div class=\"wpb_column vc_column_container vc_col-sm-3\"><div class=\"vc_column-inner\"><div class=\"wpb_wrapper\"><div class=\"vc_icon_element vc_icon_element-outer vc_icon_element-align-center\"><div class=\"vc_icon_element-inner vc_icon_element-color-custom vc_icon_element-size-lg vc_icon_element-style- vc_icon_element-background-color-grey\" ><span class=\"vc_icon_element-icon fas fa-handshake\" style=\"color:#ec6d20 !important\"><\/span><\/div><\/div>\n\t<div class=\"wpb_text_column wpb_content_element\" >\n\t\t<div class=\"wpb_wrapper\">\n\t\t\t<p style=\"text-align: center;\">Compras<\/p>\n\n\t\t<\/div>\n\t<\/div>\n<\/div><\/div><\/div><div class=\"wpb_column vc_column_container vc_col-sm-3\"><div class=\"vc_column-inner\"><div class=\"wpb_wrapper\"><div class=\"vc_icon_element vc_icon_element-outer vc_icon_element-align-center\"><div class=\"vc_icon_element-inner vc_icon_element-color-custom vc_icon_element-size-lg vc_icon_element-style- vc_icon_element-background-color-grey\" ><span class=\"vc_icon_element-icon fas fa-chart-bar\" style=\"color:#ec6d20 !important\"><\/span><\/div><\/div>\n\t<div class=\"wpb_text_column wpb_content_element\" >\n\t\t<div class=\"wpb_wrapper\">\n\t\t\t<p style=\"text-align: center;\">Finanzas y Contabilidad<\/p>\n\n\t\t<\/div>\n\t<\/div>\n<\/div><\/div><\/div><div class=\"wpb_column vc_column_container vc_col-sm-3\"><div class=\"vc_column-inner\"><div class=\"wpb_wrapper\"><div class=\"vc_icon_element vc_icon_element-outer vc_icon_element-align-center\"><div class=\"vc_icon_element-inner vc_icon_element-color-custom vc_icon_element-size-lg vc_icon_element-style- vc_icon_element-background-color-grey\" ><span class=\"vc_icon_element-icon fas fa-industry\" style=\"color:#ec6d20 !important\"><\/span><\/div><\/div>\n\t<div class=\"wpb_text_column wpb_content_element\" >\n\t\t<div class=\"wpb_wrapper\">\n\t\t\t<p style=\"text-align: center;\">Fabricaci\u00f3n<\/p>\n\n\t\t<\/div>\n\t<\/div>\n<\/div><\/div><\/div><\/div><div class=\"vc_empty_space\"   style=\"height: 32px\"><span class=\"vc_empty_space_inner\"><\/span><\/div><div class=\"vc_row wpb_row vc_inner vc_row-fluid\"><div class=\"wpb_column vc_column_container vc_col-sm-3\"><div class=\"vc_column-inner\"><div class=\"wpb_wrapper\"><div class=\"vc_icon_element vc_icon_element-outer vc_icon_element-align-center\"><div class=\"vc_icon_element-inner vc_icon_element-color-custom vc_icon_element-size-lg vc_icon_element-style- vc_icon_element-background-color-grey\" ><span class=\"vc_icon_element-icon fas fa-clipboard-list\" style=\"color:#ec6d20 !important\"><\/span><\/div><\/div>\n\t<div class=\"wpb_text_column wpb_content_element\" >\n\t\t<div class=\"wpb_wrapper\">\n\t\t\t<p style=\"text-align: center;\">Gesti\u00f3n del Inventario<\/p>\n\n\t\t<\/div>\n\t<\/div>\n<\/div><\/div><\/div><div class=\"wpb_column vc_column_container vc_col-sm-3\"><div class=\"vc_column-inner\"><div class=\"wpb_wrapper\"><div class=\"vc_icon_element vc_icon_element-outer vc_icon_element-align-center\"><div class=\"vc_icon_element-inner vc_icon_element-color-custom vc_icon_element-size-lg vc_icon_element-style- vc_icon_element-background-color-grey\" ><span class=\"vc_icon_element-icon fas fa-cash-register\" style=\"color:#ec6d20 !important\"><\/span><\/div><\/div>\n\t<div class=\"wpb_text_column wpb_content_element\" >\n\t\t<div class=\"wpb_wrapper\">\n\t\t\t<p style=\"text-align: center;\">Punto de venta<\/p>\n\n\t\t<\/div>\n\t<\/div>\n<\/div><\/div><\/div><div class=\"wpb_column vc_column_container vc_col-sm-3\"><div class=\"vc_column-inner\"><div class=\"wpb_wrapper\"><div class=\"vc_icon_element vc_icon_element-outer vc_icon_element-align-center\"><div class=\"vc_icon_element-inner vc_icon_element-color-custom vc_icon_element-size-lg vc_icon_element-style- vc_icon_element-background-color-grey\" ><span class=\"vc_icon_element-icon fab fa-dochub\" style=\"color:#ec6d20 !important\"><\/span><\/div><\/div>\n\t<div class=\"wpb_text_column wpb_content_element\" >\n\t\t<div class=\"wpb_wrapper\">\n\t\t\t<p style=\"text-align: center;\">Informes y an\u00e1lisis<\/p>\n\n\t\t<\/div>\n\t<\/div>\n<\/div><\/div><\/div><div class=\"wpb_column vc_column_container vc_col-sm-3\"><div class=\"vc_column-inner\"><div class=\"wpb_wrapper\"><div class=\"vc_icon_element vc_icon_element-outer vc_icon_element-align-center\"><div class=\"vc_icon_element-inner vc_icon_element-color-custom vc_icon_element-size-lg vc_icon_element-style- vc_icon_element-background-color-grey\" ><span class=\"vc_icon_element-icon fab fa-algolia\" style=\"color:#ec6d20 !important\"><\/span><\/div><\/div>\n\t<div class=\"wpb_text_column wpb_content_element\" >\n\t\t<div class=\"wpb_wrapper\">\n\t\t\t<p style=\"text-align: center;\">Seguimiento de servicios y proyectos<\/p>\n\n\t\t<\/div>\n\t<\/div>\n<\/div><\/div><\/div><\/div><div class=\"vc_empty_space\"   style=\"height: 64px\"><span class=\"vc_empty_space_inner\"><\/span><\/div><\/div><\/div><\/div><\/div>\n<\/section>","protected":false},"excerpt":{"rendered":"<p>PRICING A commercial proposal aligned with your size and complexity BizWorks helps you simplify your business by providing a single platform to run your accounting and business operations to allow you to focus on growing and delighting your customer. Subscriptions PRICING ALIGNED TO YOUR BUSINESS OPERATIONS Professional EditionSMBs $40 \/ $20 per concurrent user per&hellip;<\/p>","protected":false},"author":175,"featured_media":0,"parent":0,"menu_order":0,"comment_status":"closed","ping_status":"closed","template":"template-microsite.php","meta":{"_seopress_robots_primary_cat":"","_seopress_titles_title":"Pricing for SaaS platform | Innova Biz","_seopress_titles_desc":"Flexible pricing delivers operational efficiency and a pay-as-you-grow technology model for our SaaS platform.","_seopress_robots_index":"","inline_featured_image":false,"footnotes":""},"_links":{"self":[{"href":"https:\/\/www.innova-bizworks.com\/es\/wp-json\/wp\/v2\/pages\/3681"}],"collection":[{"href":"https:\/\/www.innova-bizworks.com\/es\/wp-json\/wp\/v2\/pages"}],"about":[{"href":"https:\/\/www.innova-bizworks.com\/es\/wp-json\/wp\/v2\/types\/page"}],"author":[{"embeddable":true,"href":"https:\/\/www.innova-bizworks.com\/es\/wp-json\/wp\/v2\/users\/175"}],"replies":[{"embeddable":true,"href":"https:\/\/www.innova-bizworks.com\/es\/wp-json\/wp\/v2\/comments?post=3681"}],"version-history":[{"count":51,"href":"https:\/\/www.innova-bizworks.com\/es\/wp-json\/wp\/v2\/pages\/3681\/revisions"}],"predecessor-version":[{"id":4026,"href":"https:\/\/www.innova-bizworks.com\/es\/wp-json\/wp\/v2\/pages\/3681\/revisions\/4026"}],"wp:attachment":[{"href":"https:\/\/www.innova-bizworks.com\/es\/wp-json\/wp\/v2\/media?parent=3681"}],"curies":[{"name":"wp","href":"https:\/\/api.w.org\/{rel}","templated":true}]}}